{"id":3982,"date":"2025-01-22T09:28:21","date_gmt":"2025-01-22T09:28:21","guid":{"rendered":"https:\/\/e-dway.flywheelsites.com\/?page_id=3982"},"modified":"2025-01-22T09:36:15","modified_gmt":"2025-01-22T09:36:15","slug":"cookies-policy-it","status":"publish","type":"page","link":"https:\/\/e-dway.com\/it\/cookies-policy-it\/","title":{"rendered":"Cookies-policy-it"},"content":{"rendered":"<div class=\"section group\">\n<div class=\"col span_2_of_3 intDx\">\n<h1>Informativa estesa sui Cookies<br \/>\nrelativa al sito\u00a0<strong>e-dway.com, scooterent.it<\/strong><\/h1>\n<p>Questa informativa ti consentir\u00e0 di avere dettagliate informazioni sui seguenti argomenti. Per andare direttamente all&#8217;argomento specifico cliccare di seguito sul suo nome:<\/p>\n<div class=\"menu_const\"><a class=\"goTo\" href=\"https:\/\/code.atriumnetwork.it\/cookies-policy\/index.php?codiceCookies=628482595023519029027504262384#sez1\" target=\"_blank\" rel=\"noopener\"><i class=\"fa fa-arrow-circle-down\"><\/i>\u00a0Cosa sono i Cookies<\/a><a class=\"goTo\" href=\"https:\/\/code.atriumnetwork.it\/cookies-policy\/index.php?codiceCookies=628482595023519029027504262384#sez2\" target=\"_blank\" rel=\"noopener\"><i class=\"fa fa-arrow-circle-down\"><\/i>\u00a0Tipologie di Cookies<\/a><a class=\"goTo\" href=\"https:\/\/code.atriumnetwork.it\/cookies-policy\/index.php?codiceCookies=628482595023519029027504262384#sez3\" target=\"_blank\" rel=\"noopener\"><i class=\"fa fa-arrow-circle-down\"><\/i>\u00a0Quali tipologie di Cookies utilizza il sito<\/a><a class=\"goTo\" href=\"https:\/\/code.atriumnetwork.it\/cookies-policy\/index.php?codiceCookies=628482595023519029027504262384#sez4\" target=\"_blank\" rel=\"noopener\"><i class=\"fa fa-arrow-circle-down\"><\/i>\u00a0Come gestire i Cookies con i principali Browser<\/a><a class=\"goTo\" href=\"https:\/\/code.atriumnetwork.it\/cookies-policy\/index.php?codiceCookies=628482595023519029027504262384#sez5\" target=\"_blank\" rel=\"noopener\"><i class=\"fa fa-arrow-circle-down\"><\/i>\u00a0Cookies di terze parti utilizzati dal sito<\/a><\/div>\n<p>Di seguito i servizi di terze parti utilizzati da questo sito che potrebbero installare Cookies sul tuo dispositivo. Pi\u00f9 avanti in questo documento viene descritto nel dettaglio ogni singolo servizio. Per andare direttamente alla descrizione del servizio cliccare di seguito sul suo nome:<\/p>\n<div class=\"menu_const\">\n<h2>Servizi di terze parti utilizzati dal sito<\/h2>\n<div class=\"h10\"><\/div>\n<p><a class=\"goTo\" href=\"https:\/\/code.atriumnetwork.it\/cookies-policy\/index.php?codiceCookies=628482595023519029027504262384#modulo6\" target=\"_blank\" rel=\"noopener\"><i class=\"fa fa-file-text\"><\/i>Google Analytics Anonimizzato<\/a><\/div>\n<p>Questa informativa illustrer\u00e0 anche le tue facolt\u00e0 ed i tuoi diritti relativi ai dati che ci verranno forniti, in assenza dei quali E-DWAY SRL potrebbe non essere in grado, in tutto o in parte, di offrirti i propri servizi.<\/p>\n<p>La presente informativa si ispira alla Direttiva Europea ePrivacy 2002\/58 e successive modifiche, alla luce del provvedimento dell&#8217;8 maggio 2014 (&#8220;Individuazione delle modalit\u00e0 semplificate per l&#8217;informativa e l&#8217;acquisizione del consenso per l&#8217;uso dei cookie&#8221;) e del documento del 5 giugno 2015 (&#8220;Chiarimenti in merito all&#8217;attuazione delle normativa in materia di cookie&#8221;) emessi dall&#8217;Autorit\u00e0 Garante della Privacy.<\/p>\n<p>La presente informativa si ispira anche alla Raccomandazione n. 2\/2001 che le Autorit\u00e0 europee per la protezione dei dati personali, riunite nel Gruppo istituito dall&#8217;art. 29 della direttiva n. 95\/46\/CE, hanno adottato il 17 maggio 2001 per individuare alcuni requisiti minimi per la raccolta di dati personali on-line, e, in particolare, le modalit\u00e0, i tempi e la natura delle informazioni che i titolari del trattamento devono fornire agli utenti quando questi si collegano a pagine web, indipendentemente dagli scopi del collegamento.<\/p>\n<p>Il tutto alla luce delle modifiche introdotte dal Regolamento Europeo sulla Protezione dei Dati Personali, GDPR 679\/2016 alla legge n. 196\/2003 \u2013 Codice della Privacy, attuate all&#8217;interno dell&#8217;ordinamento italiano per mezzo del D. Lgs. n. 101 del 10 agosto 2018.<\/p>\n<p>E&#8217; vietata la riproduzione, anche parziale, in qualsiasi forma, dei contenuti del presente documento.<\/p>\n<\/div>\n<\/div>\n<p>&nbsp;<\/p>\n<h1>Informativa estesa sui cookies<\/h1>\n<div>\n<div id=\"sez1\" class=\"ancoraModuliCookies\"><\/div>\n<\/div>\n<p><strong>Cosa sono i Cookies<\/strong><\/p>\n<p>I cookie sono piccoli file di testo che i siti visitati dall&#8217;utente inviano e registrano sul suo dispositivo, per essere poi ritrasmessi agli stessi siti alla successiva visita. Grazie ai cookie il sito ricorda le azioni e preferenze dell&#8217;utente in modo che non debbano essere indicate nuovamente quando l&#8217;utente torna a visitare detto sito o naviga da una pagina all&#8217;altra di esso. I cookie, quindi, possono essere usati per eseguire autenticazioni informatiche, monitoraggio di sessioni e memorizzazione di informazioni riguardanti le attivit\u00e0 degli utenti che accedono ad un sito. Potrebbero inoltre contenere un codice identificativo univoco per consentire di tenere traccia delle attivit\u00e0 svolte dall&#8217;utente all&#8217;interno del sito stesso per finalit\u00e0 statistiche o pubblicitarie.<\/p>\n<p>Nel corso della navigazione su un sito, l&#8217;utente pu\u00f2 ricevere sul suo dispositivo anche cookie di siti o di web server diversi da quello che sta visitando (c.d. cookie di &#8216;terze parti&#8217;). Alcune operazioni non potrebbero essere compiute senza l&#8217;uso dei cookie, che in certi casi sono quindi tecnicamente necessari per lo stesso funzionamento del sito.<\/p>\n<p>&nbsp;<\/p>\n<div>\n<div id=\"sez2\" class=\"ancoraModuliCookies\"><\/div>\n<\/div>\n<p><strong>Tipologie di Cookies<\/strong><\/p>\n<p>Esistono vari tipi di cookie, a seconda delle loro caratteristiche e funzioni, e questi possono rimanere nel dispositivo dell&#8217;utente per periodi di tempo diversi: c.d. cookie di sessione, che viene automaticamente cancellato alla chiusura del browser; c.d. cookie persistenti, che permangono sul dispositivo dell&#8217;utente fino ad una scadenza prestabilita.<\/p>\n<p>In base alla normativa vigente in Italia, per l&#8217;utilizzo dei cookie non sempre \u00e8 richiesto un espresso consenso dell&#8217;utente. In particolare non richiedono tale consenso i cookie c.d. &#8220;tecnici&#8221;, cio\u00e8 quelli utilizzati al solo fine di effettuare la trasmissione di una comunicazione su una rete di comunicazione elettronica, o nella misura strettamente necessaria per erogare un servizio esplicitamente richiesto dall&#8217;utente. Si tratta di cookie indispensabili per il funzionamento del sito o necessari per eseguire attivit\u00e0 richieste dall&#8217;utente.<\/p>\n<p>Tra i cookie tecnici, che non richiedono un consenso espresso per il loro utilizzo, il Garante per la protezione dei dati personali italiano (cfr. Prov. Gen. &#8216;Individuazione delle modalit\u00e0 semplificate per l&#8217;informativa e l&#8217;acquisizione del consenso per l&#8217;uso dei cookie &#8211; 8 maggio 2014&#8217; ) ricomprende anche:<\/p>\n<ul>\n<li>I cookie analytics, laddove utilizzati direttamente dal gestore del sito per raccogliere informazioni, in forma aggregata, sul numero degli utenti e su come questi visitano il sito stesso.<\/li>\n<li>I cookie di navigazione o di sessione che garantiscono la normale navigazione e fruizione del sito web (permettendo, ad esempio, di realizzare un acquisto o autenticarsi per accedere ad aree riservate).<\/li>\n<li>I cookie di funzionalit\u00e0, che permettono all&#8217;utente la navigazione in funzione di una serie di criteri selezionati (ad esempio, la lingua, i prodotti selezionati per l&#8217;acquisto) al fine di migliorare il servizio reso allo stesso.<\/li>\n<\/ul>\n<p>Per i cookie cc.dd. di profilazione, viceversa, cio\u00e8 quelli volti a creare profili relativi all&#8217;utente e utilizzati al fine di inviare messaggi pubblicitari in linea con le preferenze manifestate dallo stesso nell&#8217;ambito della navigazione in rete, \u00e8 richiesto un preventivo consenso dell&#8217;utente.<\/p>\n<p>&nbsp;<\/p>\n<div>\n<div id=\"sez3\" class=\"ancoraModuliCookies\"><\/div>\n<\/div>\n<p><strong>Quali tipologie di Cookies utilizza questo sito<\/strong><\/p>\n<p>Questo sito utilizza cookie tecnici, cio\u00e8 di navigazione o sessione e strettamente necessari per il funzionamento del sito o per consentire all&#8217;utente di usufruire dei contenuti e dei servizi da questi richiesti. Cookie analytics, che consentono di comprendere come il sito viene utilizzato dagli utenti. Con questi cookie non vengono raccolte informazioni sull&#8217;identit\u00e0 dell&#8217;utente, n\u00e8 alcun dato personale. Le informazioni sono trattate in forma aggregata ed anonima. Cookie di funzionalit\u00e0, cio\u00e8 cookie che consentono all&#8217;utente la navigazione in funzione di una serie di criteri selezionati (ad esempio, la lingua, i prodotti selezionati per l&#8217;acquisto) al fine di migliorare il servizio reso. Cookie di terze parti, cio\u00e8 cookie di siti o di web server diversi da questo, utilizzati per finalit\u00e0 proprie di dette parti terze. Per le ulteriori informazioni sul trattamento dei dati personali di cui all&#8217;art. 13 del D.Lgs. 196\/2003 &#8211; Codice privacy si veda l&#8217;apposita Informativa sulla Privacy.<\/p>\n<p>&nbsp;<\/p>\n<div>\n<div id=\"sez4\" class=\"ancoraModuliCookies\"><\/div>\n<\/div>\n<p><strong>Come gestire i Cookies con i principali Browser<\/strong><\/p>\n<p>L&#8217;utente pu\u00f2 autorizzare, bloccare o cancellare (in tutto o in parte) i cookie anche attraverso le specifiche funzioni del proprio programma di navigazione (c.d. browser). Tuttavia, nell&#8217;ipotesi in cui tutti o alcuni dei cookie vengano disabilitati, \u00e8 possibile che il sito risulti non consultabile, che alcuni servizi o determinate funzioni del sito non siano disponibili o non funzionino correttamente e\/o l&#8217;utente potrebbe essere costretto a modificare o a inserire manualmente alcune informazioni o preferenze ogni volta che visiter\u00e0 il sito.<\/p>\n<p>Per avere maggiori informazioni su come impostare le preferenze sull&#8217;uso dei cookie attraverso il proprio browser di navigazione, \u00e8 possibile consultare le relative istruzioni cliccando sui collegamenti seguenti:<\/p>\n<div class=\"menu_const\">\n<div class=\"h10\"><\/div>\n<p><a href=\"https:\/\/windows.microsoft.com\/it-it\/internet-explorer\/delete-manage-cookies\" target=\"_blank\" rel=\"noopener\"><i class=\"fa fa-external-link-square\"><\/i>Internet Explorer<\/a><a href=\"https:\/\/support.mozilla.org\/it\/kb\/Attivare%20e%20disattivare%20i%20cookie\" target=\"_blank\" rel=\"noopener\"><i class=\"fa fa-external-link-square\"><\/i>Firefox<\/a><a href=\"https:\/\/support.google.com\/chrome\/answer\/95647?hl=it&amp;topic=14666&amp;ctx=topic\" target=\"_blank\" rel=\"noopener\"><i class=\"fa fa-external-link-square\"><\/i>Chrome<\/a><a href=\"https:\/\/www.opera.com\/help\/tutorials\/security\/cookies\/\" target=\"_blank\" rel=\"noopener\"><i class=\"fa fa-external-link-square\"><\/i>Opera<\/a><a href=\"https:\/\/support.apple.com\/kb\/PH17191?viewlocale=it_IT\" target=\"_blank\" rel=\"noopener\"><i class=\"fa fa-external-link-square\"><\/i>Safari<\/a><\/div>\n<p>&nbsp;<\/p>\n<div>\n<div id=\"sez5\" class=\"ancoraModuliCookies\"><\/div>\n<\/div>\n<p><strong>Cookies di terze parti utilizzati da questo sito<\/strong><\/p>\n<p>I cookie di profilazione, di terze parti, sono cookie volti a creare profili relativi all&#8217;utente e utilizzati al fine, per esempio, di inviare messaggi pubblicitari in linea con le preferenze manifestate dallo stesso nell&#8217;ambito della sua navigazione in rete. Relativamente ai cookie di terze parti, trattasi di cookie di siti o di web server diversi da questo, utilizzati per finalit\u00e0 proprie di dette parti terze. Su detti soggetti e i relativi cookie non possiamo avere uno specifico controllo. Per ottenere informazioni su detti cookie e sulle loro caratteristiche e modalit\u00e0 di funzionamento e prestare il relativo consenso specifico rivolgersi direttamente a dette parti terze.<\/p>\n<p>L&#8217;utilizzo di cookie di terze parti pu\u00f2 normalmente essere inibito dall&#8217;utente anche attraverso l&#8217;apposita opzione presente nel proprio programma di navigazione (browser): in merito si vedano le indicazioni sopra riportate. Ulteriori strumenti ed informazioni, utili alla gestione del consenso in merito a cookie di terze parti, possono essere trovati sul sito\u00a0<a href=\"https:\/\/www.youronlinechoices.com\/\" target=\"_blank\" rel=\"noopener\">https:\/\/www.youronlinechoices.com<\/a>.<\/p>\n<p>&nbsp;<\/p>\n<h1>Servizi di terze parti, utilizzati da questo sito, che potrebbero installare cookies, anche di profilazione, sul tuo dispositivo:<\/h1>\n<div><\/div>\n<div class=\"box_servizio\">\n<h1>Google Analytics Anonimizzato<i class=\"fa fa-file-text f_right\"><\/i><\/h1>\n<div class=\"int\">\n<h2>Descrizione del servizio<\/h2>\n<p>Google Analytics \u00e8 un servizio di analisi statistica per siti internet fornito da Google Inc. (\u201cGoogle\u201d). Tramite questo servizio Google raccoglie una serie di dati personali dei visitatori del sito e li utilizza per tracciare ed esaminare come questi utilizzano il sito stesso. Questa versione di Google Analytics \u00e8 &#8220;Anonimizzata&#8221;, cio\u00e8 i dati dei visitatori\u00a0 giungono a Google ma il loro indirizzo IP viene reso anonimo e quindi non riconducibile al singolo specifico visitatore. Il servizio pu\u00f2 installare Cookies di terze parti.<\/p>\n<p>Link utili:\u00a0<a href=\"https:\/\/www.google.com\/intl\/it\/policies\/privacy\/\" target=\"_blank\" rel=\"noopener\">Privacy Policy di Google Inc.<\/a>\u00a0,\u00a0<a href=\"https:\/\/www.google.com\/intl\/it\/policies\/technologies\/cookies\/\" target=\"_blank\" rel=\"noopener\">Come Google utilizza i Cookies<\/a>\u00a0,\u00a0<a href=\"https:\/\/tools.google.com\/dlpage\/gaoptout?hl=it\" target=\"_blank\" rel=\"noopener\">Opt-Out<\/a><\/p>\n<\/div>\n<\/div>\n<p>&nbsp;<\/p>\n<p>Per ogni ulteriore informazione concernente il trattamento dei Tuoi dati personali su questo sito, ti preghiamo di porre riferimento allo specifico link &#8220;Privacy Policy&#8221; relativo al sito e-dway.com, scooterent.it.<\/p>\n","protected":false},"excerpt":{"rendered":"<p>Informativa estesa sui Cookies relativa al sito\u00a0e-dway.com, scooterent.it Questa informativa ti consentir\u00e0 di avere dettagliate informazioni sui seguenti argomenti. Per andare direttamente all&#8217;argomento specifico cliccare di seguito sul suo nome: \u00a0Cosa sono i Cookies\u00a0Tipologie di Cookies\u00a0Quali tipologie di Cookies utilizza il sito\u00a0Come gestire i Cookies con i principali Browser\u00a0Cookies di terze parti utilizzati dal sito [&hellip;]<\/p>\n","protected":false},"author":1,"featured_media":0,"parent":0,"menu_order":0,"comment_status":"closed","ping_status":"closed","template":"","meta":{"content-type":"","footnotes":""},"class_list":["post-3982","page","type-page","status-publish","hentry"],"_links":{"self":[{"href":"https:\/\/e-dway.com\/it\/wp-json\/wp\/v2\/pages\/3982","targetHints":{"allow":["GET"]}}],"collection":[{"href":"https:\/\/e-dway.com\/it\/wp-json\/wp\/v2\/pages"}],"about":[{"href":"https:\/\/e-dway.com\/it\/wp-json\/wp\/v2\/types\/page"}],"author":[{"embeddable":true,"href":"https:\/\/e-dway.com\/it\/wp-json\/wp\/v2\/users\/1"}],"replies":[{"embeddable":true,"href":"https:\/\/e-dway.com\/it\/wp-json\/wp\/v2\/comments?post=3982"}],"version-history":[{"count":2,"href":"https:\/\/e-dway.com\/it\/wp-json\/wp\/v2\/pages\/3982\/revisions"}],"predecessor-version":[{"id":3984,"href":"https:\/\/e-dway.com\/it\/wp-json\/wp\/v2\/pages\/3982\/revisions\/3984"}],"wp:attachment":[{"href":"https:\/\/e-dway.com\/it\/wp-json\/wp\/v2\/media?parent=3982"}],"curies":[{"name":"wp","href":"https:\/\/api.w.org\/{rel}","templated":true}]}}